{"id":1670,"date":"2018-05-29T11:14:04","date_gmt":"2018-05-29T08:14:04","guid":{"rendered":"http:\/\/www.gunaydinplastik.com\/iletisim\/"},"modified":"2020-04-22T10:11:16","modified_gmt":"2020-04-22T07:11:16","slug":"contact","status":"publish","type":"page","link":"https:\/\/www.gunaydinplastik.com\/en\/contact\/","title":{"rendered":"Contact"},"content":{"rendered":"<div class=\"wpb-content-wrapper\"><p>[vc_row full_width=&#8221;stretch_row&#8221; css=&#8221;.vc_custom_1531400265897{background-color: #f4f4f4 !important;}&#8221;][vc_column offset=&#8221;vc_col-md-6&#8243;]<div class=\"cz_gap clr \" style=\"height: 50px\"><\/div><div id=\"cz_11689\" class=\"cz_11689 cz_title clr cz_mobile_text_center cz_title_pos_inline\"><div class=\"cz_title_content\"><div class=\"cz_wpe_content\"><h3><span style=\"font-size: 36px;\">CONTACT <span style=\"color: #002699;\">US<\/span><\/span><\/h3>\n<p><span style=\"color: #aaaaaa; font-size: 18px;\">Contact us today!<\/span><\/p>\n<\/div><\/div><\/div><div id=\"cz_40006\" class=\"cz_40006 cz_title clr cz_mobile_text_center cz_title_pos_inline\"><div class=\"cz_title_content\"><div class=\"cz_wpe_content\"><p><span style=\"font-size: 18px; color: #666666;\">You can reach us by the phone, email or filling out contact form completely.<\/span><\/p>\n<\/div><\/div><\/div><div class=\"cz_gap clr \" style=\"height: 50px\"><\/div><div id=\"cz_108330\" class=\"cz_108330 cz_cf7 clr\"><div>\n<div class=\"wpcf7 no-js\" id=\"wpcf7-f1775-o1\" lang=\"tr-TR\" dir=\"ltr\" data-wpcf7-id=\"1775\">\n<div class=\"screen-reader-response\"><p role=\"status\" aria-live=\"polite\" aria-atomic=\"true\"><\/p> <ul><\/ul><\/div>\n<form action=\"\/en\/wp-json\/wp\/v2\/pages\/1670#wpcf7-f1775-o1\" method=\"post\" class=\"wpcf7-form init\" aria-label=\"\u0130leti\u015fim Formu\" novalidate=\"novalidate\" data-status=\"init\">\n<fieldset class=\"hidden-fields-container\"><input type=\"hidden\" name=\"_wpcf7\" value=\"1775\" \/><input type=\"hidden\" name=\"_wpcf7_version\" value=\"6.1.5\" \/><input type=\"hidden\" name=\"_wpcf7_locale\" value=\"tr_TR\" \/><input type=\"hidden\" name=\"_wpcf7_unit_tag\" value=\"wpcf7-f1775-o1\" \/><input type=\"hidden\" name=\"_wpcf7_container_post\" value=\"0\" \/><input type=\"hidden\" name=\"_wpcf7_posted_data_hash\" value=\"\" \/>\n<\/fieldset>\n<p><label> Your Name (required)<br \/>\n<span class=\"wpcf7-form-control-wrap\" data-name=\"your-name\"><input size=\"40\" maxlength=\"400\" class=\"wpcf7-form-control wpcf7-text wpcf7-validates-as-required\" aria-required=\"true\" aria-invalid=\"false\" value=\"\" type=\"text\" name=\"your-name\" \/><\/span> <\/label>\n<\/p>\n<p><label> Your Email (required)<br \/>\n<span class=\"wpcf7-form-control-wrap\" data-name=\"your-email\"><input size=\"40\" maxlength=\"400\" class=\"wpcf7-form-control wpcf7-email wpcf7-validates-as-required wpcf7-text wpcf7-validates-as-email\" aria-required=\"true\" aria-invalid=\"false\" value=\"\" type=\"email\" name=\"your-email\" \/><\/span> <\/label>\n<\/p>\n<p><label> Your Phone (required)<br \/>\n<span class=\"wpcf7-form-control-wrap\" data-name=\"your-phone\"><input size=\"40\" maxlength=\"400\" class=\"wpcf7-form-control wpcf7-tel wpcf7-validates-as-required wpcf7-text wpcf7-validates-as-tel\" aria-required=\"true\" aria-invalid=\"false\" value=\"\" type=\"tel\" name=\"your-phone\" \/><\/span> <\/label>\n<\/p>\n<p><label> Your Message<br \/>\n<span class=\"wpcf7-form-control-wrap\" data-name=\"your-message\"><textarea cols=\"40\" rows=\"10\" maxlength=\"2000\" class=\"wpcf7-form-control wpcf7-textarea\" aria-invalid=\"false\" name=\"your-message\"><\/textarea><\/span> <\/label>\n<\/p>\n<p><input class=\"wpcf7-form-control wpcf7-submit has-spinner\" type=\"submit\" value=\"Send\" \/>\n<\/p><div class=\"wpcf7-response-output\" aria-hidden=\"true\"><\/div>\n<\/form>\n<\/div>\n<\/div><\/div>[\/vc_column][vc_column offset=&#8221;vc_col-md-6&#8243;]<div class=\"cz_eqh cz_content_box_parent_fx  \"><div id=\"cz_51389\" class=\"cz_51389 cz_content_box clr\"><div class=\"cz_box_front clr\"><div class=\"cz_box_front_inner clr cz_content_box_full_after\"><span><\/span><div><div id=\"cz_53693\" class=\"cz_53693 services clr style1 cz_sbi_fx_11 left\"><div class=\"service_custom\"><i class=\"fa czico-007-phone-chat-with-wifi-signal\"><\/i><\/div><div class=\"service_text\"><h3>Phone<\/h3><div class=\"cz_wpe_content\"><span style=\"font-size: 18px; color: #aaaaaa;\">+90 212 637 38 07<\/span><br \/>\n<span style=\"font-size: 18px; color: #aaaaaa;\">+90 212 637 38 87<\/span><\/div><\/div><\/div><div id=\"cz_41107\" class=\"cz_41107 services clr style1 cz_sbi_fx_11 left\"><div class=\"service_custom\"><i class=\"fa czico-006-speech-bubble-with-text-lines\"><\/i><\/div><div class=\"service_text\"><h3>Email<\/h3><div class=\"cz_wpe_content\"><span style=\"font-size: 18px; color: #aaaaaa;\">info@gunaydinplastik.com<\/span><\/div><\/div><\/div><div id=\"cz_42024\" class=\"cz_42024 services clr style1 cz_sbi_fx_11 left\"><div class=\"service_custom\"><i class=\"fa czico-082-maps-and-flags\"><\/i><\/div><div class=\"service_text\"><h3>Our Office<\/h3><div class=\"cz_wpe_content\"><span style=\"font-size: 18px; color: #aaaaaa;\">Fatih Cd. Uzun Sk. Ayd\u0131n Han No:18\/5 Merter &#8211; \u0130stanbul<\/span><\/div><\/div><\/div>[vc_gmaps link=&#8221;#E-8_JTNDaWZyYW1lJTIwc3JjJTNEJTIyaHR0cHMlM0ElMkYlMkZ3d3cuZ29vZ2xlLmNvbSUyRm1hcHMlMkZlbWJlZCUzRnBiJTNEJTIxMW0xNCUyMTFtOCUyMTFtMyUyMTFkMjQwODEuNzIyMTgwODMwODM1JTIxMmQyOC44NzQyNDM5OTk5OTk5OTclMjEzZDQxLjAyMDU0NiUyMTNtMiUyMTFpMTAyNCUyMTJpNzY4JTIxNGYxMy4xJTIxM20zJTIxMW0yJTIxMXMweDAlMjUzQTB4YjVhZjMzZWNlZDRmOGJkZSUyMTJ6UjhPOGJtRjVaTVN4YmlCUWJHRnpkR2xySUNZZ1JYUnBhMlYwJTIxNWUwJTIxM20yJTIxMXN0ciUyMTJzdHIlMjE0djE1NzgzNDE4NDQ0MjIlMjE1bTIlMjExc3RyJTIxMnN0ciUyMiUyMHdpZHRoJTNEJTIyODAwJTIyJTIwaGVpZ2h0JTNEJTIyMjUwJTIyJTIwZnJhbWVib3JkZXIlM0QlMjIwJTIyJTIwc3R5bGUlM0QlMjJib3JkZXIlM0EwJTNCJTIyJTIwYWxsb3dmdWxsc2NyZWVuJTNEJTIyJTIyJTNFJTNDJTJGaWZyYW1lJTNF&#8221;]<\/div><\/div><\/div><\/div><\/div>[\/vc_column][\/vc_row][vc_row full_width=&#8221;stretch_row&#8221; css=&#8221;.vc_custom_1531400265897{background-color: #f4f4f4 !important;}&#8221;][vc_column offset=&#8221;vc_col-md-6&#8243;]<div class=\"cz_eqh cz_content_box_parent_fx  \"><div id=\"cz_51389\" class=\"cz_51389 cz_content_box clr\"><div class=\"cz_box_front clr\"><div class=\"cz_box_front_inner clr cz_content_box_full_after\"><span><\/span><div><div id=\"cz_103590\" class=\"cz_103590 services clr style1 cz_sbi_fx_11 left\"><div class=\"service_custom\"><i class=\"fa czico-007-phone-chat-with-wifi-signal\"><\/i><\/div><div class=\"service_text\"><h3>Phone<\/h3><div class=\"cz_wpe_content\"><span style=\"font-size: 18px; color: #aaaaaa;\">+90 212 501 40 23<\/span><\/div><\/div><\/div><div id=\"cz_58452\" class=\"cz_58452 services clr style1 cz_sbi_fx_11 left\"><div class=\"service_custom\"><i class=\"fa czico-006-speech-bubble-with-text-lines\"><\/i><\/div><div class=\"service_text\"><h3>Email<\/h3><div class=\"cz_wpe_content\"><span style=\"font-size: 18px; color: #aaaaaa;\">info@gunaydinplastik.com<\/span><\/div><\/div><\/div><div id=\"cz_22191\" class=\"cz_22191 services clr style1 cz_sbi_fx_11 left\"><div class=\"service_custom\"><i class=\"fa czico-082-maps-and-flags\"><\/i><\/div><div class=\"service_text\"><h3>Our Factory<\/h3><div class=\"cz_wpe_content\"><span style=\"font-size: 18px; color: #aaaaaa;\">Topkap\u0131 Faz\u0131lpa\u015fa Cad. \u00d6ztoprak \u0130\u015f Merkezi No:14\/139-140-141 Zeytinburnu &#8211; \u0130stanbul<\/span><\/div><\/div><\/div><\/div><\/div><\/div><\/div><\/div>[\/vc_column][vc_column offset=&#8221;vc_col-md-6&#8243;]<div class=\"cz_eqh cz_content_box_parent_fx  \"><div id=\"cz_27652\" class=\"cz_27652 cz_content_box clr\"><div class=\"cz_box_front clr\"><div class=\"cz_box_front_inner clr cz_content_box_full_after\"><span><\/span><div><div id=\"cz_107496\" class=\"cz_107496 services clr style1 cz_sbi_fx_11 left\"><div class=\"service_custom\"><i class=\"fa czico-007-phone-chat-with-wifi-signal\"><\/i><\/div><div class=\"service_text\"><h3>Phone<\/h3><div class=\"cz_wpe_content\"><span style=\"font-size: 18px; color: #aaaaaa;\">+90 232 425 10 95<\/span><\/div><\/div><\/div><div id=\"cz_16926\" class=\"cz_16926 services clr style1 cz_sbi_fx_11 left\"><div class=\"service_custom\"><i class=\"fa czico-006-speech-bubble-with-text-lines\"><\/i><\/div><div class=\"service_text\"><h3>Email<\/h3><div class=\"cz_wpe_content\"><span style=\"font-size: 18px; color: #aaaaaa;\">izmir@gunaydinplastik.com<\/span><\/div><\/div><\/div><div id=\"cz_13517\" class=\"cz_13517 services clr style1 cz_sbi_fx_11 left\"><div class=\"service_custom\"><i class=\"fa czico-082-maps-and-flags\"><\/i><\/div><div class=\"service_text\"><h3>\u0130zmir Branch<\/h3><div class=\"cz_wpe_content\"><span style=\"font-size: 18px; color: #aaaaaa;\">Mimar Kemalettin Cad. Talat \u00dclk\u00fc \u00c7ar\u015f\u0131s\u0131 No: 107 \/ Z-10 \u00c7ankaya \/ \u0130zmir<\/span><\/div><\/div><\/div><\/div><\/div><\/div><\/div><\/div>[\/vc_column][\/vc_row]<\/p>\n<\/div>","protected":false},"excerpt":{"rendered":"<p>[vc_row full_width=&#8221;stretch_row&#8221; css=&#8221;.vc_custom_1531400265897{background-color: #f4f4f4 !important;}&#8221;][vc_column offset=&#8221;vc_col-md-6&#8243;][\/vc_column][vc_column offset=&#8221;vc_col-md-6&#8243;][\/vc_column][\/vc_row][vc_row full_width=&#8221;stretch_row&#8221; css=&#8221;.vc_custom_1531400265897{background-color: #f4f4f4 !important;}&#8221;][vc_column &#8230; <\/p>\n","protected":false},"author":1,"featured_media":0,"parent":0,"menu_order":0,"comment_status":"closed","ping_status":"closed","template":"","meta":{"rs_blank_template":"","rs_page_bg_color":"#ffffff","slide_template_v7":"","footnotes":""},"class_list":["post-1670","page","type-page","status-publish","hentry"],"aioseo_notices":[],"_links":{"self":[{"href":"https:\/\/www.gunaydinplastik.com\/en\/wp-json\/wp\/v2\/pages\/1670","targetHints":{"allow":["GET"]}}],"collection":[{"href":"https:\/\/www.gunaydinplastik.com\/en\/wp-json\/wp\/v2\/pages"}],"about":[{"href":"https:\/\/www.gunaydinplastik.com\/en\/wp-json\/wp\/v2\/types\/page"}],"author":[{"embeddable":true,"href":"https:\/\/www.gunaydinplastik.com\/en\/wp-json\/wp\/v2\/users\/1"}],"replies":[{"embeddable":true,"href":"https:\/\/www.gunaydinplastik.com\/en\/wp-json\/wp\/v2\/comments?post=1670"}],"version-history":[{"count":0,"href":"https:\/\/www.gunaydinplastik.com\/en\/wp-json\/wp\/v2\/pages\/1670\/revisions"}],"wp:attachment":[{"href":"https:\/\/www.gunaydinplastik.com\/en\/wp-json\/wp\/v2\/media?parent=1670"}],"curies":[{"name":"wp","href":"https:\/\/api.w.org\/{rel}","templated":true}]}}